{"id":23,"date":"2012-02-28T22:57:34","date_gmt":"2012-02-28T21:57:34","guid":{"rendered":"https:\/\/helimanie.de\/?page_id=23"},"modified":"2014-05-22T14:46:58","modified_gmt":"2014-05-22T12:46:58","slug":"gerolf","status":"publish","type":"page","link":"https:\/\/helimanie.de\/index.php\/uber-uns\/gerolf\/","title":{"rendered":"Gerolf"},"content":{"rendered":"<h1><strong>HANGAR (aktuell)<\/strong><\/h1>\n<p><strong>BLADE mCX2 (Clone) <\/strong><\/p>\n<p><strong>BLADE 130X<br \/>\n<\/strong><\/p>\n<ul>\n<li>Mainblades: Lynx<\/li>\n<li>Tailblades: KBDD<\/li>\n<li>Heckpitch : xxtreme Pitchh\u00fclse<\/li>\n<li>Motor: xxtreme Spin 8000 kv<\/li>\n<li>Motorritzel: 10 Z\u00e4hne<\/li>\n<li>TS: xxtreme Alu silver<\/li>\n<li>Getriebe\u00a0 : A,B,C,D-Metall<\/li>\n<li>Haube\u00a0\u00a0 \u00a0\u00a0\u00a0\u00a0 : Fusuno 130X Custom<\/li>\n<li>Lipos\u00a0\u00a0 \u00a0\u00a0\u00a0\u00a0 : myLipo 480 mAh, Turnigy 450, SLS 450<\/li>\n<\/ul>\n<p><strong>BLADE 450 3D (umgebaut auf FBL)<a href=\"https:\/\/helimanie.de\/wp-content\/uploads\/2013\/10\/Blade_450_Grenze_genackt_20.jpg\"  class=\"grouped_images\"><img loading=\"lazy\" class=\" wp-image-1552 alignright\" src=\"https:\/\/helimanie.de\/wp-content\/uploads\/2013\/10\/Blade_450_Grenze_genackt_20.jpg\" alt=\"_Blade_450_Grenze_genackt_20\" width=\"169\" height=\"112\" srcset=\"https:\/\/helimanie.de\/wp-content\/uploads\/2013\/10\/Blade_450_Grenze_genackt_20.jpg 1024w, https:\/\/helimanie.de\/wp-content\/uploads\/2013\/10\/Blade_450_Grenze_genackt_20-300x200.jpg 300w\" sizes=\"(max-width: 169px) 100vw, 169px\" \/><\/a><\/strong><\/p>\n<ul>\n<li>Motor : KDS 2838 3650kv<\/li>\n<li>ESC\/BEC : ROBBE Roxxy 940-6<\/li>\n<li>Servos TS : KDS N300 (digital)<\/li>\n<li>Servo Heck: Turnigy TGY-S3066 (digital)<\/li>\n<li>RX : Spektrum AR7200BX<\/li>\n<li>Mainblades: Align 325 FBL (symetrisch)<\/li>\n<li>Kopf: Tarot 450 FBL Special Silver Edition<\/li>\n<li>Lipos : Turnigy 2200mAh (40-50C)<\/li>\n<li>Haube : Fusuno 450 3D Custom<\/li>\n<li>Sonstiges : Lipowarner<\/li>\n<\/ul>\n<p><strong>ALIGN T-REX 450L Dominator 6S<\/strong><a href=\"https:\/\/helimanie.de\/wp-content\/uploads\/2014\/01\/22.jpg\"  class=\"grouped_images\"><img loading=\"lazy\" class=\"wp-image-1796 alignright\" src=\"https:\/\/helimanie.de\/wp-content\/uploads\/2014\/01\/22.jpg\" alt=\"_22\" width=\"162\" height=\"107\" srcset=\"https:\/\/helimanie.de\/wp-content\/uploads\/2014\/01\/22.jpg 1024w, https:\/\/helimanie.de\/wp-content\/uploads\/2014\/01\/22-300x200.jpg 300w\" sizes=\"(max-width: 162px) 100vw, 162px\" \/><\/a><\/p>\n<ul>\n<li>Motor : ALIGN 460MX 1800KV<\/li>\n<li>RX\/FBL : Spektrum AR7200BX<\/li>\n<li>Servos TS : ALIGN DS430M Digital Servo<\/li>\n<li>Servo Heck: ALIGN DS525M Digital Servo<\/li>\n<li>ESC\/BEC : COMPASS 60A (baugleich YGE)<\/li>\n<li>Mainblades: Align 360 3G Carbon Fiber FBL (symetrisch)<\/li>\n<li>Kopf: ALIGN 450 DFC<\/li>\n<li>Lipos : myLipo 6S 1500mAh (35-70C)<\/li>\n<li>Haube : Fusuno Custom<\/li>\n<\/ul>\n<p><strong>KDS 700 V2 TDT<\/strong><\/p>\n<ul>\n<li>Motor : Turnigy HeliDrive SK3 Competition Series &#8211; 4962-480kv<\/li>\n<li>Spezialwicklung <a title=\"SlowFlyWorld\" href=\"http:\/\/http:\/\/www.slowflyworld.de\/\" target=\"_blank\">www.slowflyworld.de<\/a> 12 x 1,4)<\/li>\n<li>ESC : Castle Creations Phoenix Ice2 120 HV<\/li>\n<li>BEC : MTTEC KETO HV BEC 12s 10A\/20A Peak V2<\/li>\n<li>Servos TS : SAV\u00d6X 1258 TG<\/li>\n<li>Servo Heck: SAV\u00d6X 1290 MG<\/li>\n<li>Getriebe: HZR schr\u00e4gverzahnt (113 Z\u00e4hne), Ritzel (12 Z\u00e4hne)<\/li>\n<li>RX : Spektrum AR7200BX (incl. Satellit)<\/li>\n<li>Mainblades: Edge 693 FBL SE<\/li>\n<li>Tailblades: Edge 105 SE<\/li>\n<li>Lipos : myLipo 12S 4500mAh (Split)<\/li>\n<li>Haube : Fusuno Logo 600 Custom<\/li>\n<\/ul>\n<p><strong>Parkzone P-51 Mustang (Stock)<\/strong><\/p>\n<ul>\n<li>Regler\u00a0\u00a0\u00a0 : Hobbywing Plush 30A<\/li>\n<li>Lipo\u00a0\u00a0\u00a0\u00a0\u00a0 : betrieben mit Zippy 4S 1800mA<\/li>\n<li>Servo\u00a0\u00a0\u00a0\u00a0 : Stock, Seitenruder Eflite<\/li>\n<\/ul>\n<p><strong>Sender<\/strong><\/p>\n<ul>\n<li>SPEKTRUM DX9<\/li>\n<li>SPEKTRUM DX6i, Hintergrundbeleuchtung, umgebaut auf 3-Flugphasen<\/li>\n<\/ul>\n<p><strong>Ladetechnik<\/strong><\/p>\n<ul>\n<li>Netzteil 25,2 Volt (1200W)<\/li>\n<li>Junsi iCharger 308 Duo<\/li>\n<li>Voltcraft B6AC (50W)<\/li>\n<\/ul>\n<p><strong>Sim<\/strong><\/p>\n<ul>\n<li>RealFlight 7.0 (HeliMegaPack)<\/li>\n<li>RX2SIM (Kabellosadapter)<\/li>\n<\/ul>\n<p>&nbsp;<\/p>\n<h1>HISTORY (verkauft, verschrottet, abgest\u00fcrzt)<\/h1>\n<p>**VERKAUFT**<br \/>\n<strong>WALKERA V200D01<\/strong><br \/>\n* Rotorblatt-Mod, TurboAce 352, Turnigy BEC<br \/>\n* auf Riementrieb umgebaut, Align 450er HD- Landegestell<br \/>\n* Zippy-Lipo 1800mA 40C, Lipowarner<br \/>\n* WALKERA WK-2403<\/p>\n<p>**Absturz, Komplettausfall, Totalverlust**<br \/>\n<strong>KDS 550-600 Innova FBL<\/strong><\/p>\n<p>* Motor : Stock<br \/>\n* Regler : Stock<br \/>\n* Servos TS : KDS N680<br \/>\n* Servo Heck: KDS N690 (digital)<br \/>\n* RX : Spektrum AR7200BX<br \/>\n* Mainblades: SpinBlades 600 FBL (symetrisch)<br \/>\n* Lipos : Turnigy 5000mAh (25C)<br \/>\n* Haube : Fusuno (Mikado Logo 500)<br \/>\n* Sonstiges : Stretch auf 600er<\/p>\n<p>**VERKAUFT**<br \/>\n<strong>BLADE mCPX V2<\/strong> *myLipo 240mA<\/p>\n<p>**VERKAUFT**<br \/>\n<strong>ALIGN TRex 550 V1 (Stretch auf 600)<\/strong><\/p>\n<p>* Motor : 600MX<br \/>\n* ESC : Hobbywing Platinum 100A<br \/>\n* BEC : JETI S-Bec<br \/>\n* Servos TS : Align DS 610<br \/>\n* Servo Heck: Align DS 620<br \/>\n* RX : Spektrum AR7200BX<br \/>\n* Mainblades: SpinBlades 600 FBL (symetrisch)<br \/>\n* Lipos : Turnigy 5000mAh (25C-35C)<br \/>\n* Haube : Original<br \/>\n* Sonstiges : Stretch auf 600er<\/p>\n<p>&nbsp;<\/p>\n","protected":false},"excerpt":{"rendered":"<p>HANGAR (aktuell) BLADE mCX2 (Clone) BLADE 130X Mainblades: Lynx Tailblades: KBDD Heckpitch : xxtreme Pitchh\u00fclse Motor: xxtreme Spin 8000 kv Motorritzel: 10 Z\u00e4hne TS: xxtreme Alu silver Getriebe\u00a0 : A,B,C,D-Metall Haube\u00a0\u00a0 \u00a0\u00a0\u00a0\u00a0 : Fusuno 130X Custom Lipos\u00a0\u00a0 \u00a0\u00a0\u00a0\u00a0 : myLipo &hellip; <a class=\"morelink\" href=\"https:\/\/helimanie.de\/index.php\/uber-uns\/gerolf\/\">Weiterlesen<\/a><\/p>\n","protected":false},"author":3,"featured_media":0,"parent":17,"menu_order":0,"comment_status":"closed","ping_status":"closed","template":"","meta":{"ngg_post_thumbnail":0,"_links_to":"","_links_to_target":""},"_links":{"self":[{"href":"https:\/\/helimanie.de\/index.php\/wp-json\/wp\/v2\/pages\/23"}],"collection":[{"href":"https:\/\/helimanie.de\/index.php\/wp-json\/wp\/v2\/pages"}],"about":[{"href":"https:\/\/helimanie.de\/index.php\/wp-json\/wp\/v2\/types\/page"}],"author":[{"embeddable":true,"href":"https:\/\/helimanie.de\/index.php\/wp-json\/wp\/v2\/users\/3"}],"replies":[{"embeddable":true,"href":"https:\/\/helimanie.de\/index.php\/wp-json\/wp\/v2\/comments?post=23"}],"version-history":[{"count":0,"href":"https:\/\/helimanie.de\/index.php\/wp-json\/wp\/v2\/pages\/23\/revisions"}],"up":[{"embeddable":true,"href":"https:\/\/helimanie.de\/index.php\/wp-json\/wp\/v2\/pages\/17"}],"wp:attachment":[{"href":"https:\/\/helimanie.de\/index.php\/wp-json\/wp\/v2\/media?parent=23"}],"curies":[{"name":"wp","href":"https:\/\/api.w.org\/{rel}","templated":true}]}}