{"id":20,"date":"2012-02-28T22:56:16","date_gmt":"2012-02-28T21:56:16","guid":{"rendered":"https:\/\/helimanie.de\/?page_id=20"},"modified":"2014-06-25T20:08:53","modified_gmt":"2014-06-25T18:08:53","slug":"dennis","status":"publish","type":"page","link":"https:\/\/helimanie.de\/index.php\/uber-uns\/dennis\/","title":{"rendered":"Dennis"},"content":{"rendered":"<p><a href=\"https:\/\/helimanie.de\/wp-content\/uploads\/2012\/05\/Dennis.jpg\"  class=\"grouped_images\"><img src=\"https:\/\/helimanie.de\/wp-content\/uploads\/2012\/05\/Dennis-201x300.jpg\" alt=\"\" title=\"Dennis mit T-Rex 600 EFL nach Notfall-AuRo\" width=\"210\" class=\"alignleft size-medium wp-image-578\" srcset=\"https:\/\/helimanie.de\/wp-content\/uploads\/2012\/05\/Dennis-201x300.jpg 201w, https:\/\/helimanie.de\/wp-content\/uploads\/2012\/05\/Dennis.jpg 631w\" sizes=\"(max-width: 201px) 100vw, 201px\" \/><\/a>Meine Helikarriere begann 2008, als ich zum Geburtstag einen Koax geschenkt bekommen habe. Es war ein Double Horse Toys 9081. Damit habe ich regelm\u00e4\u00dfig das Wohnzimmer unsicher gemacht und unfreiwillig die Pflanzen beschnitten. Leider konnte man diesen nicht drau\u00dfen fliegen. Der erste Versuch endete direkt in der n\u00e4chsten Tanne. Somit habe ich schnell die Lust an dem Heli verloren.  Der Wunsch mit einem Heli drau\u00dfen zu fliegen blieb aber.<\/p>\n<p>Den n\u00e4chsten Schritt zum FP tat ich 2010 mit einem Nine Eagles Swordfish SX. Dieser lie\u00df sich schon besser an der frischen Luft bewegen. So mussten nicht mehr die Gr\u00fcnpflanzen dran glauben. Stattdessen wurde der Garten und Felder zum Fliegen genutzt.<\/p>\n<p>Nun war ich vom Virus befallen. Der Gedanke an einen CP wuchs langsam heran und machte sich immer breiter. Somit stattete ich im Fr\u00fchjahr 2011 dem lokalen Modellbauladen einen Besuch ab. Beim Verlassen hatte ich einen KDS 450 Quiet unter dem Arm. Jetzt wurde es ernst. In jeder freien Minute, und wenn das Wetter es zulie\u00df, bin ich mit dem Heli los und bin geflogen.<\/p>\n<p>Zahlreiche Crashs sp\u00e4ter blieb dann noch eine Frage offen: &#8222;Was jetzt?&#8220;. Klar, es geht ja noch gr\u00f6\u00dfer. Man wird ja schnell gr\u00f6\u00dfenwahnsinnig. Noch im gleichen Sommer habe ich mir einen T-Rex 600 EFL Pro zugelegt. Mein bisher letzter Heli. Aber ich bin mir ziemlich sicher \u2013 der n\u00e4chste kommt bestimmt.<\/p>\n<p><font size=\"+1\"><strong>Meine Ausstattung<\/strong><\/font><\/p>\n<p><strong><u>Helis<\/u><\/strong><\/p>\n<p><strong><em>Nine Eagles Swordfish SX<\/em><\/strong><\/p>\n<table>\n<tr>\n<td colspan=\"3\"><strong><em>Blade mCP x v2<\/em><\/strong><\/td>\n<\/tr>\n<tr>\n<td width=\"10px\">&nbsp;<\/td>\n<td colspan=\"2\">Microheli Taumelscheibe<\/td>\n<\/tr>\n<tr>\n<td width=\"10px\">&nbsp;<\/td>\n<td width=\"30px\">Lipos:<\/td>\n<td>8x mylipo 1s 240mAh 25C<\/td>\n<\/tr>\n<tr>\n<td width=\"10px\">&nbsp;<\/td>\n<td>&nbsp;<\/td>\n<td>6x Turnigy 1s 300mAh 35C<\/td>\n<\/tr>\n<tr>\n<td width=\"10px\">&nbsp;<\/td>\n<td>&nbsp;<\/td>\n<td>2x Eflite 1s 200mAh 25C<\/td>\n<\/tr>\n<tr>\n<td width=\"10px\">&nbsp;<\/td>\n<td>&nbsp;<\/td>\n<td>2x Eflite 1s 200mAh 30C<\/td>\n<\/tr>\n<\/table>\n<p><\/br><\/p>\n<table>\n<tr>\n<td colspan=\"3\"><strong><em>Align T-Rex 600 EFL Pro Super Combo<\/em><\/strong><\/td>\n<\/tr>\n<tr>\n<td width=\"10px\">&nbsp;<\/td>\n<td colspan=\"2\">Castle Creations Phoenix ICE2 120 HV<\/td>\n<\/tr>\n<tr>\n<td width=\"10px\">&nbsp;<\/td>\n<td colspan=\"2\">BeastX Microbeast<\/td>\n<\/tr>\n<tr>\n<td width=\"10px\">&nbsp;<\/td>\n<td colspan=\"2\">Spektrum AR8000<\/td>\n<\/tr>\n<tr>\n<td width=\"10px\">&nbsp;<\/td>\n<td colspan=\"2\">Edge 603mm Hauptrotorbl\u00e4tter<\/td>\n<\/tr>\n<tr>\n<td width=\"10px\">&nbsp;<\/td>\n<td colspan=\"2\">Edge 105mm Heckrotorbl\u00e4tter<\/td>\n<\/tr>\n<tr>\n<td width=\"10px\">&nbsp;<\/td>\n<td colspan=\"2\">700er Heckfinne<\/td>\n<\/tr>\n<tr>\n<td width=\"10px\">&nbsp;<\/td>\n<td colspan=\"2\">Kombination aus normalem und F3C Landegestell (hinten h\u00f6her)<\/td>\n<\/tr>\n<tr>\n<td width=\"10px\">&nbsp;<\/td>\n<td colspan=\"2\">Haubenverschl\u00fcsse von Tenax<\/td>\n<\/tr>\n<tr>\n<td width=\"10px\">&nbsp;<\/td>\n<td colspan=\"2\">Fusuno Haube Design &#8222;Future&#8220;<\/td>\n<\/tr>\n<tr>\n<td width=\"10px\">&nbsp;<\/td>\n<td width=\"30px\">Lipos:<\/td>\n<td>5x myLipo 4000mAh 12S 35C\/70C lang geteilt<\/td>\n<\/tr>\n<tr>\n<td width=\"10px\">&nbsp;<\/td>\n<td width=\"30px\">&nbsp;<\/td>\n<td>Gens ace 2s 1800mAh 25C<\/td>\n<\/tr>\n<tr>\n<td width=\"10px\">&nbsp;<\/td>\n<td width=\"30px\">&nbsp;<\/td>\n<td>Red Power 2s 1800mAh<\/td>\n<\/tr>\n<\/table>\n<p><\/br><\/p>\n<table>\n<tr>\n<td colspan=\"3\"><strong><em>Align T-Rex 450 Pro v2<\/em><\/strong><\/td>\n<\/tr>\n<tr>\n<td width=\"10px\">&nbsp;<\/td>\n<td colspan=\"2\">DFC-Rotorkopf<\/td>\n<\/tr>\n<tr>\n<td width=\"10px\">&nbsp;<\/td>\n<td colspan=\"2\">Spektrum AR7200BX<\/td>\n<\/tr>\n<tr>\n<td width=\"10px\">&nbsp;<\/td>\n<td width=\"30px\">Lipos:<\/td>\n<td>Turnigy 3s 2200mAh 35C<\/td>\n<\/tr>\n<\/table>\n<p><\/br><\/p>\n<table>\n<tr>\n<td colspan=\"3\"><strong><em>Blade 130x<\/em><\/strong><\/td>\n<\/tr>\n<tr>\n<td width=\"10px\">&nbsp;<\/td>\n<td>Lipos:<\/td>\n<td>6x mylipo 400mAh 2s 40C-80C<\/td>\n<\/tr>\n<tr>\n<td width=\"10px\">&nbsp;<\/td>\n<td>&nbsp;<\/td>\n<td>6x Turnigy nano-tech 450mAh 2s 65C-130C<\/td>\n<\/tr>\n<tr>\n<td width=\"10px\">&nbsp;<\/td>\n<td>&nbsp;<\/td>\n<td>1x E-flite 300mAh 2s 35C<\/td>\n<\/tr>\n<\/table>\n<p><\/br><\/p>\n<p><strong><u>Quadrocopter<\/u><\/strong><\/p>\n<table>\n<tr>\n<td colspan=\"3\"><strong>Hobbyking X525 v3<\/strong><\/td>\n<\/tr>\n<tr>\n<td width=\"10px\">&nbsp;<\/td>\n<td colspan=\"2\">Hobbyking KK2.0 Multi-rotor LCD Flight Control Board<\/td>\n<\/tr>\n<tr>\n<td width=\"10px\">&nbsp;<\/td>\n<td colspan=\"2\">4x Hobbyking SS Series 18-20A ESC<\/td>\n<\/tr>\n<tr>\n<td width=\"10px\">&nbsp;<\/td>\n<td colspan=\"2\">4x EMAX CF 2822<\/td>\n<\/tr>\n<tr>\n<td width=\"10px\">&nbsp;<\/td>\n<td colspan=\"2\">4x Quadcopter Propeller ABS glasfaserverst\u00e4rkt 8&#215;4.5 (schwarz\/gr\u00fcn)<\/td>\n<\/tr>\n<tr>\n<td width=\"10px\">&nbsp;<\/td>\n<td colspan=\"2\">OrangeRx R610<\/td>\n<\/tr>\n<tr>\n<td width=\"10px\">&nbsp;<\/td>\n<td width=\"30px\">Lipos:<\/td>\n<td>Turnigy 3s 2200mAh 35C<\/td>\n<\/tr>\n<\/table>\n<p><\/p>\n<table>\n<tr>\n<td colspan=\"3\"><strong>DJI Phantom<\/strong><\/td>\n<\/tr>\n<tr>\n<td width=\"10px\">&nbsp;<\/td>\n<td colspan=\"2\">Spektrum AR8000<\/td>\n<\/tr>\n<tr>\n<td width=\"10px\">&nbsp;<\/td>\n<td colspan=\"2\">Spektrum TM1000<\/td>\n<\/tr>\n<tr>\n<td width=\"10px\">&nbsp;<\/td>\n<td colspan=\"2\">Tarot T-2D Brushless Gimbal<\/td>\n<\/tr>\n<tr>\n<td width=\"10px\">&nbsp;<\/td>\n<td width=\"30px\">Lipos:<\/td>\n<td>Turnigy 3s 2200mAh 35C<\/td>\n<\/tr>\n<tr>\n<td width=\"10px\">&nbsp;<\/td>\n<td width=\"30px\">&nbsp;<\/td>\n<td>myLipo 3s 2600mAh 35C\/70C<\/td>\n<\/tr>\n<\/table>\n<p><\/br><br \/>\n<strong><u>Fl\u00e4chen<\/u><\/strong><\/p>\n<p>aktuell keine<br \/>\n<\/br><\/p>\n<p><strong><u>Sender<\/u><\/strong><\/p>\n<p><strong><em>Spektrum DX9<\/em><\/strong><\/p>\n<p><strong><u>Akkus &#038; Ladetechnik<\/u><\/strong><\/p>\n<table>\n<tr>\n<td colspan=\"3\"><strong>Akkus<\/strong><\/td>\n<\/tr>\n<tr>\n<td width=\"10px\">&nbsp;<\/td>\n<td align=\"right\">8x<\/td>\n<td>mylipo 1s 240mAh 25C<\/td>\n<\/tr>\n<tr>\n<td width=\"10px\">&nbsp;<\/td>\n<td align=\"right\">6x<\/td>\n<td>Turnigy 1s 300mAh 35C<\/td>\n<\/tr>\n<tr>\n<td width=\"10px\">&nbsp;<\/td>\n<td align=\"right\">2x<\/td>\n<td>Eflite 1s 200mAh 25C<\/td>\n<\/tr>\n<tr>\n<td width=\"10px\">&nbsp;<\/td>\n<td align=\"right\">2x<\/td>\n<td>Eflite 1s 200mAh 30C<\/td>\n<\/tr>\n<tr>\n<td width=\"10px\">&nbsp;<\/td>\n<td align=\"right\">6x<\/td>\n<td>mylipo 400mAh 2s 40C-80C<\/td>\n<\/tr>\n<tr>\n<td width=\"10px\">&nbsp;<\/td>\n<td align=\"right\">6x<\/td>\n<td>Turnigy nano-tech 450mAh 2s 65C-130C<\/td>\n<\/tr>\n<tr>\n<td width=\"10px\">&nbsp;<\/td>\n<td align=\"right\">1x<\/td>\n<td>E-flite 300mAh 2s 35C<\/td>\n<\/tr>\n<tr>\n<td width=\"10px\">&nbsp;<\/td>\n<td align=\"right\">1x<\/td>\n<td>Gens ace 2s 1800mAh 25C<\/td>\n<\/tr>\n<tr>\n<td width=\"10px\">&nbsp;<\/td>\n<td align=\"right\">1x<\/td>\n<td>Red Power 2s 1800mAh<\/td>\n<\/tr>\n<tr>\n<td width=\"10px\">&nbsp;<\/td>\n<td align=\"right\">4x<\/td>\n<td>Lipo 3s 2600mAh 35C\/70C<\/td>\n<\/tr>\n<tr>\n<td width=\"10px\">&nbsp;<\/td>\n<td align=\"right\">6x<\/td>\n<td>Turnigy 3s 2200mAh 35C<\/td>\n<\/tr>\n<tr>\n<td width=\"10px\">&nbsp;<\/td>\n<td align=\"right\">2x<\/td>\n<td>Zippy 4s 1800mAh 40C<\/td>\n<\/tr>\n<tr>\n<td width=\"10px\">&nbsp;<\/td>\n<td align=\"right\">10x<\/td>\n<td>Turnigy 6s 3300mAh 30C<\/td>\n<\/tr>\n<tr>\n<td width=\"10px\">&nbsp;<\/td>\n<td align=\"right\">3x<\/td>\n<td>myLipo 4000mAh 12S 35C\/70C lang geteilt<\/td>\n<\/tr>\n<\/table>\n<p><\/p>\n<table>\n<tr>\n<td colspan=\"2\"><strong>Ladetechnik<\/strong><\/td>\n<\/tr>\n<tr>\n<td width=\"10px\">&nbsp;<\/td>\n<td>T2M Powerbase 500W<\/td>\n<\/tr>\n<tr>\n<td width=\"10px\">&nbsp;<\/td>\n<td>T2M Black Wizard Duo<\/td>\n<\/tr>\n<tr>\n<td width=\"10px\">&nbsp;<\/td>\n<td>T2M Wizard X6S<\/td>\n<\/tr>\n<tr>\n<td width=\"10px\">&nbsp;<\/td>\n<td>robbe POWER PEAK\u00ae Twin EQ-BID 1000W<\/td>\n<\/tr>\n<\/table>\n<p>\n<strong><u>Simulator<\/u><\/strong><\/p>\n<p>Phoenix RC<\/p>\n<p><font size=\"+1\"><strong>verkauft\/geschrottet<\/strong><\/font><\/p>\n<table>\n<tr>\n<td colspan=\"3\"><strong><em>Parkzone P-51 D Mustang<\/em><\/strong><\/td>\n<\/tr>\n<tr>\n<td width=\"10px\">&nbsp;<\/td>\n<td width=\"30px\">Lipos:<\/td>\n<td>Turnigy 3s 2200mAh 35C<\/td>\n<\/tr>\n<tr>\n<td width=\"10px\">&nbsp;<\/td>\n<td width=\"30px\">&nbsp;<\/td>\n<td>Zippy 4s 1800mAh 40C<\/td>\n<\/tr>\n<\/table>\n<p><\/p>\n<table>\n<tr>\n<td colspan=\"2\"><strong><em>KDS 450 Quiet (verkauft)<\/em><\/strong><\/td>\n<\/tr>\n<tr>\n<td width=\"10px\">&nbsp;<\/td>\n<td>KDS 900 Gyro<\/td>\n<\/tr>\n<tr>\n<td width=\"10px\">&nbsp;<\/td>\n<td>Spekrum AR8000<\/td>\n<\/tr>\n<tr>\n<td width=\"10px\">&nbsp;<\/td>\n<td>Carbon Heckrotorbl\u00e4tter<\/td>\n<\/tr>\n<\/table>\n<p><\/br><\/p>\n<p><strong><em>Blade mCP x v1 (Ersatzteillager)<\/em><\/strong><\/p>\n","protected":false},"excerpt":{"rendered":"<p>Meine Helikarriere begann 2008, als ich zum Geburtstag einen Koax geschenkt bekommen habe. Es war ein Double Horse Toys 9081. Damit habe ich regelm\u00e4\u00dfig das Wohnzimmer unsicher gemacht und unfreiwillig die Pflanzen beschnitten. Leider konnte man diesen nicht drau\u00dfen fliegen. &hellip; <a class=\"morelink\" href=\"https:\/\/helimanie.de\/index.php\/uber-uns\/dennis\/\">Weiterlesen<\/a><\/p>\n","protected":false},"author":3,"featured_media":0,"parent":17,"menu_order":0,"comment_status":"closed","ping_status":"closed","template":"","meta":{"ngg_post_thumbnail":0,"_links_to":"","_links_to_target":""},"_links":{"self":[{"href":"https:\/\/helimanie.de\/index.php\/wp-json\/wp\/v2\/pages\/20"}],"collection":[{"href":"https:\/\/helimanie.de\/index.php\/wp-json\/wp\/v2\/pages"}],"about":[{"href":"https:\/\/helimanie.de\/index.php\/wp-json\/wp\/v2\/types\/page"}],"author":[{"embeddable":true,"href":"https:\/\/helimanie.de\/index.php\/wp-json\/wp\/v2\/users\/3"}],"replies":[{"embeddable":true,"href":"https:\/\/helimanie.de\/index.php\/wp-json\/wp\/v2\/comments?post=20"}],"version-history":[{"count":0,"href":"https:\/\/helimanie.de\/index.php\/wp-json\/wp\/v2\/pages\/20\/revisions"}],"up":[{"embeddable":true,"href":"https:\/\/helimanie.de\/index.php\/wp-json\/wp\/v2\/pages\/17"}],"wp:attachment":[{"href":"https:\/\/helimanie.de\/index.php\/wp-json\/wp\/v2\/media?parent=20"}],"curies":[{"name":"wp","href":"https:\/\/api.w.org\/{rel}","templated":true}]}}